{"id":13859,"date":"2026-01-16T11:25:44","date_gmt":"2026-01-16T10:25:44","guid":{"rendered":"https:\/\/bilboteam.com\/my-account\/"},"modified":"2026-04-15T09:23:07","modified_gmt":"2026-04-15T07:23:07","slug":"my-account","status":"publish","type":"page","link":"https:\/\/bilboteam.com\/en\/my-account\/","title":{"rendered":"My account"},"content":{"rendered":"\t\t<div data-elementor-type=\"wp-page\" data-elementor-id=\"13859\" class=\"elementor elementor-13859 elementor-15\" data-elementor-post-type=\"page\">\n\t\t\t\t<div class=\"elementor-element elementor-element-57cd7ea e-con-full e-flex e-con e-parent\" data-id=\"57cd7ea\" data-element_type=\"container\" data-e-type=\"container\">\n\t\t<div class=\"elementor-element elementor-element-43c2d24 e-flex e-con-boxed e-con e-child\" data-id=\"43c2d24\" data-element_type=\"container\" data-e-type=\"container\">\n\t\t\t\t\t<div class=\"e-con-inner\">\n\t\t\t\t<div class=\"elementor-element elementor-element-3d8e4f1 e-my-account-tabs-vertical elementor-widget elementor-widget-woocommerce-my-account\" data-id=\"3d8e4f1\" data-element_type=\"widget\" data-e-type=\"widget\" data-settings=\"{&quot;forms_buttons_hover_animation&quot;:&quot;grow&quot;,&quot;tables_button_hover_animation&quot;:&quot;grow&quot;}\" data-widget_type=\"woocommerce-my-account.default\">\n\t\t\t\t\t<div class=\"e-my-account-tab e-my-account-tab__ \">\t\t\t<div class=\"woocommerce\"><\/div>\t\t<\/div>\n\t\t\t\t\t\t<\/div>\n\t\t\t\t\t<\/div>\n\t\t\t\t<\/div>\n\t\t\t\t<div class=\"elementor-element elementor-element-42d3fe7 elementor-absolute elementor-widget elementor-widget-image\" data-id=\"42d3fe7\" data-element_type=\"widget\" data-e-type=\"widget\" data-settings=\"{&quot;_position&quot;:&quot;absolute&quot;}\" data-widget_type=\"image.default\">\n\t\t\t\t\t\t\t\t\t\t\t\t\t\t\t<img fetchpriority=\"high\" decoding=\"async\" width=\"1922\" height=\"1080\" src=\"https:\/\/bilboteam.com\/wp-content\/uploads\/2026\/01\/bilbo-team-puntos2.webp\" class=\"attachment-full size-full wp-image-13924\" alt=\"\" srcset=\"https:\/\/bilboteam.com\/wp-content\/uploads\/2026\/01\/bilbo-team-puntos2.webp 1922w, https:\/\/bilboteam.com\/wp-content\/uploads\/2026\/01\/bilbo-team-puntos2-300x169.webp 300w, https:\/\/bilboteam.com\/wp-content\/uploads\/2026\/01\/bilbo-team-puntos2-1024x575.webp 1024w, https:\/\/bilboteam.com\/wp-content\/uploads\/2026\/01\/bilbo-team-puntos2-768x432.webp 768w, https:\/\/bilboteam.com\/wp-content\/uploads\/2026\/01\/bilbo-team-puntos2-1536x863.webp 1536w, https:\/\/bilboteam.com\/wp-content\/uploads\/2026\/01\/bilbo-team-puntos2-600x337.webp 600w\" sizes=\"(max-width: 1922px) 100vw, 1922px\" \/>\t\t\t\t\t\t\t\t\t\t\t\t\t\t\t<\/div>\n\t\t\t\t<div class=\"elementor-element elementor-element-f8d64f7 elementor-widget__width-initial elementor-absolute elementor-widget elementor-widget-image\" data-id=\"f8d64f7\" data-element_type=\"widget\" data-e-type=\"widget\" data-settings=\"{&quot;_position&quot;:&quot;absolute&quot;}\" data-widget_type=\"image.default\">\n\t\t\t\t\t\t\t\t\t\t\t\t\t\t\t<img decoding=\"async\" width=\"1500\" height=\"1515\" src=\"https:\/\/bilboteam.com\/wp-content\/uploads\/2026\/01\/degradado-dcha.png\" class=\"attachment-full size-full wp-image-13894\" alt=\"\" srcset=\"https:\/\/bilboteam.com\/wp-content\/uploads\/2026\/01\/degradado-dcha.png 1500w, https:\/\/bilboteam.com\/wp-content\/uploads\/2026\/01\/degradado-dcha-297x300.png 297w, https:\/\/bilboteam.com\/wp-content\/uploads\/2026\/01\/degradado-dcha-1014x1024.png 1014w, https:\/\/bilboteam.com\/wp-content\/uploads\/2026\/01\/degradado-dcha-768x776.png 768w, https:\/\/bilboteam.com\/wp-content\/uploads\/2026\/01\/degradado-dcha-600x606.png 600w, https:\/\/bilboteam.com\/wp-content\/uploads\/2026\/01\/degradado-dcha-100x100.png 100w\" sizes=\"(max-width: 1500px) 100vw, 1500px\" \/>\t\t\t\t\t\t\t\t\t\t\t\t\t\t\t<\/div>\n\t\t\t\t<\/div>\n\t\t\t\t<\/div>\n\t\t","protected":false},"excerpt":{"rendered":"<p>Home Orders Downloads Addresses M\u00e9todos de pago Account details Log off Hola marketing (\u00bfno eres marketing? Cerrar sesi\u00f3n) Desde el escritorio de tu cuenta puedes ver tus pedidos recientes, gestionar tus direcciones de env\u00edo y facturaci\u00f3n y editar tu contrase\u00f1a y los detalles de tu cuenta.<\/p>\n","protected":false},"author":1,"featured_media":0,"parent":0,"menu_order":0,"comment_status":"closed","ping_status":"closed","template":"","meta":{"_acf_changed":false,"footnotes":""},"class_list":["post-13859","page","type-page","status-publish","hentry"],"yoast_head":"<!-- This site is optimized with the Yoast SEO plugin v27.3 - https:\/\/yoast.com\/product\/yoast-seo-wordpress\/ -->\n<title>My account - BilboTeam<\/title>\n<meta name=\"robots\" content=\"index, follow, max-snippet:-1, max-image-preview:large, max-video-preview:-1\" \/>\n<link rel=\"canonical\" href=\"https:\/\/bilboteam.com\/en\/my-account\/\" \/>\n<meta property=\"og:locale\" content=\"en_US\" \/>\n<meta property=\"og:type\" content=\"article\" \/>\n<meta property=\"og:title\" content=\"My account - BilboTeam\" \/>\n<meta property=\"og:description\" content=\"Home Orders Downloads Addresses M\u00e9todos de pago Account details Log off Hola marketing (\u00bfno eres marketing? Cerrar sesi\u00f3n) Desde el escritorio de tu cuenta puedes ver tus pedidos recientes, gestionar tus direcciones de env\u00edo y facturaci\u00f3n y editar tu contrase\u00f1a y los detalles de tu cuenta.\" \/>\n<meta property=\"og:url\" content=\"https:\/\/bilboteam.com\/en\/my-account\/\" \/>\n<meta property=\"og:site_name\" content=\"BilboTeam\" \/>\n<meta property=\"article:modified_time\" content=\"2026-04-15T07:23:07+00:00\" \/>\n<meta property=\"og:image\" content=\"https:\/\/bilboteam.com\/wp-content\/uploads\/2026\/01\/bilbo-team-puntos2.webp\" \/>\n\t<meta property=\"og:image:width\" content=\"1922\" \/>\n\t<meta property=\"og:image:height\" content=\"1080\" \/>\n\t<meta property=\"og:image:type\" content=\"image\/webp\" \/>\n<meta name=\"twitter:card\" content=\"summary_large_image\" \/>\n<script type=\"application\/ld+json\" class=\"yoast-schema-graph\">{\"@context\":\"https:\\\/\\\/schema.org\",\"@graph\":[{\"@type\":\"WebPage\",\"@id\":\"https:\\\/\\\/bilboteam.com\\\/en\\\/my-account\\\/\",\"url\":\"https:\\\/\\\/bilboteam.com\\\/en\\\/my-account\\\/\",\"name\":\"My account - BilboTeam\",\"isPartOf\":{\"@id\":\"https:\\\/\\\/bilboteam.com\\\/en\\\/#website\"},\"primaryImageOfPage\":{\"@id\":\"https:\\\/\\\/bilboteam.com\\\/en\\\/my-account\\\/#primaryimage\"},\"image\":{\"@id\":\"https:\\\/\\\/bilboteam.com\\\/en\\\/my-account\\\/#primaryimage\"},\"thumbnailUrl\":\"https:\\\/\\\/bilboteam.com\\\/wp-content\\\/uploads\\\/2026\\\/01\\\/bilbo-team-puntos2.webp\",\"datePublished\":\"2026-01-16T10:25:44+00:00\",\"dateModified\":\"2026-04-15T07:23:07+00:00\",\"breadcrumb\":{\"@id\":\"https:\\\/\\\/bilboteam.com\\\/en\\\/my-account\\\/#breadcrumb\"},\"inLanguage\":\"en-US\",\"potentialAction\":[{\"@type\":\"ReadAction\",\"target\":[\"https:\\\/\\\/bilboteam.com\\\/en\\\/my-account\\\/\"]}]},{\"@type\":\"ImageObject\",\"inLanguage\":\"en-US\",\"@id\":\"https:\\\/\\\/bilboteam.com\\\/en\\\/my-account\\\/#primaryimage\",\"url\":\"https:\\\/\\\/bilboteam.com\\\/wp-content\\\/uploads\\\/2026\\\/01\\\/bilbo-team-puntos2.webp\",\"contentUrl\":\"https:\\\/\\\/bilboteam.com\\\/wp-content\\\/uploads\\\/2026\\\/01\\\/bilbo-team-puntos2.webp\"},{\"@type\":\"BreadcrumbList\",\"@id\":\"https:\\\/\\\/bilboteam.com\\\/en\\\/my-account\\\/#breadcrumb\",\"itemListElement\":[{\"@type\":\"ListItem\",\"position\":1,\"name\":\"Portada\",\"item\":\"https:\\\/\\\/bilboteam.com\\\/en\\\/\"},{\"@type\":\"ListItem\",\"position\":2,\"name\":\"My account\"}]},{\"@type\":\"WebSite\",\"@id\":\"https:\\\/\\\/bilboteam.com\\\/en\\\/#website\",\"url\":\"https:\\\/\\\/bilboteam.com\\\/en\\\/\",\"name\":\"BilboTeam\",\"description\":\"M\u00e9todo Bilbo: entrenamiento efectivo para ganar fuerza y masa muscular\",\"publisher\":{\"@id\":\"https:\\\/\\\/bilboteam.com\\\/en\\\/#organization\"},\"potentialAction\":[{\"@type\":\"SearchAction\",\"target\":{\"@type\":\"EntryPoint\",\"urlTemplate\":\"https:\\\/\\\/bilboteam.com\\\/en\\\/?s={search_term_string}\"},\"query-input\":{\"@type\":\"PropertyValueSpecification\",\"valueRequired\":true,\"valueName\":\"search_term_string\"}}],\"inLanguage\":\"en-US\"},{\"@type\":\"Organization\",\"@id\":\"https:\\\/\\\/bilboteam.com\\\/en\\\/#organization\",\"name\":\"BilboTeam\",\"url\":\"https:\\\/\\\/bilboteam.com\\\/en\\\/\",\"logo\":{\"@type\":\"ImageObject\",\"inLanguage\":\"en-US\",\"@id\":\"https:\\\/\\\/bilboteam.com\\\/en\\\/#\\\/schema\\\/logo\\\/image\\\/\",\"url\":\"https:\\\/\\\/bilboteam.com\\\/wp-content\\\/uploads\\\/2026\\\/01\\\/bilbo-team-logo1.png\",\"contentUrl\":\"https:\\\/\\\/bilboteam.com\\\/wp-content\\\/uploads\\\/2026\\\/01\\\/bilbo-team-logo1.png\",\"width\":500,\"height\":92,\"caption\":\"BilboTeam\"},\"image\":{\"@id\":\"https:\\\/\\\/bilboteam.com\\\/en\\\/#\\\/schema\\\/logo\\\/image\\\/\"}}]}<\/script>\n<!-- \/ Yoast SEO plugin. -->","yoast_head_json":{"title":"My account - BilboTeam","robots":{"index":"index","follow":"follow","max-snippet":"max-snippet:-1","max-image-preview":"max-image-preview:large","max-video-preview":"max-video-preview:-1"},"canonical":"https:\/\/bilboteam.com\/en\/my-account\/","og_locale":"en_US","og_type":"article","og_title":"My account - BilboTeam","og_description":"Home Orders Downloads Addresses M\u00e9todos de pago Account details Log off Hola marketing (\u00bfno eres marketing? Cerrar sesi\u00f3n) Desde el escritorio de tu cuenta puedes ver tus pedidos recientes, gestionar tus direcciones de env\u00edo y facturaci\u00f3n y editar tu contrase\u00f1a y los detalles de tu cuenta.","og_url":"https:\/\/bilboteam.com\/en\/my-account\/","og_site_name":"BilboTeam","article_modified_time":"2026-04-15T07:23:07+00:00","og_image":[{"width":1922,"height":1080,"url":"https:\/\/bilboteam.com\/wp-content\/uploads\/2026\/01\/bilbo-team-puntos2.webp","type":"image\/webp"}],"twitter_card":"summary_large_image","schema":{"@context":"https:\/\/schema.org","@graph":[{"@type":"WebPage","@id":"https:\/\/bilboteam.com\/en\/my-account\/","url":"https:\/\/bilboteam.com\/en\/my-account\/","name":"My account - BilboTeam","isPartOf":{"@id":"https:\/\/bilboteam.com\/en\/#website"},"primaryImageOfPage":{"@id":"https:\/\/bilboteam.com\/en\/my-account\/#primaryimage"},"image":{"@id":"https:\/\/bilboteam.com\/en\/my-account\/#primaryimage"},"thumbnailUrl":"https:\/\/bilboteam.com\/wp-content\/uploads\/2026\/01\/bilbo-team-puntos2.webp","datePublished":"2026-01-16T10:25:44+00:00","dateModified":"2026-04-15T07:23:07+00:00","breadcrumb":{"@id":"https:\/\/bilboteam.com\/en\/my-account\/#breadcrumb"},"inLanguage":"en-US","potentialAction":[{"@type":"ReadAction","target":["https:\/\/bilboteam.com\/en\/my-account\/"]}]},{"@type":"ImageObject","inLanguage":"en-US","@id":"https:\/\/bilboteam.com\/en\/my-account\/#primaryimage","url":"https:\/\/bilboteam.com\/wp-content\/uploads\/2026\/01\/bilbo-team-puntos2.webp","contentUrl":"https:\/\/bilboteam.com\/wp-content\/uploads\/2026\/01\/bilbo-team-puntos2.webp"},{"@type":"BreadcrumbList","@id":"https:\/\/bilboteam.com\/en\/my-account\/#breadcrumb","itemListElement":[{"@type":"ListItem","position":1,"name":"Portada","item":"https:\/\/bilboteam.com\/en\/"},{"@type":"ListItem","position":2,"name":"My account"}]},{"@type":"WebSite","@id":"https:\/\/bilboteam.com\/en\/#website","url":"https:\/\/bilboteam.com\/en\/","name":"BilboTeam","description":"M\u00e9todo Bilbo: entrenamiento efectivo para ganar fuerza y masa muscular","publisher":{"@id":"https:\/\/bilboteam.com\/en\/#organization"},"potentialAction":[{"@type":"SearchAction","target":{"@type":"EntryPoint","urlTemplate":"https:\/\/bilboteam.com\/en\/?s={search_term_string}"},"query-input":{"@type":"PropertyValueSpecification","valueRequired":true,"valueName":"search_term_string"}}],"inLanguage":"en-US"},{"@type":"Organization","@id":"https:\/\/bilboteam.com\/en\/#organization","name":"BilboTeam","url":"https:\/\/bilboteam.com\/en\/","logo":{"@type":"ImageObject","inLanguage":"en-US","@id":"https:\/\/bilboteam.com\/en\/#\/schema\/logo\/image\/","url":"https:\/\/bilboteam.com\/wp-content\/uploads\/2026\/01\/bilbo-team-logo1.png","contentUrl":"https:\/\/bilboteam.com\/wp-content\/uploads\/2026\/01\/bilbo-team-logo1.png","width":500,"height":92,"caption":"BilboTeam"},"image":{"@id":"https:\/\/bilboteam.com\/en\/#\/schema\/logo\/image\/"}}]}},"acf":[],"_links":{"self":[{"href":"https:\/\/bilboteam.com\/en\/wp-json\/wp\/v2\/pages\/13859","targetHints":{"allow":["GET"]}}],"collection":[{"href":"https:\/\/bilboteam.com\/en\/wp-json\/wp\/v2\/pages"}],"about":[{"href":"https:\/\/bilboteam.com\/en\/wp-json\/wp\/v2\/types\/page"}],"author":[{"embeddable":true,"href":"https:\/\/bilboteam.com\/en\/wp-json\/wp\/v2\/users\/1"}],"replies":[{"embeddable":true,"href":"https:\/\/bilboteam.com\/en\/wp-json\/wp\/v2\/comments?post=13859"}],"version-history":[{"count":5,"href":"https:\/\/bilboteam.com\/en\/wp-json\/wp\/v2\/pages\/13859\/revisions"}],"predecessor-version":[{"id":14611,"href":"https:\/\/bilboteam.com\/en\/wp-json\/wp\/v2\/pages\/13859\/revisions\/14611"}],"wp:attachment":[{"href":"https:\/\/bilboteam.com\/en\/wp-json\/wp\/v2\/media?parent=13859"}],"curies":[{"name":"wp","href":"https:\/\/api.w.org\/{rel}","templated":true}]}}